{"id":871,"date":"2023-04-26T07:18:53","date_gmt":"2023-04-26T10:18:53","guid":{"rendered":"https:\/\/campusff.ms.gba.gov.ar\/floreal\/?page_id=871"},"modified":"2023-04-26T08:34:30","modified_gmt":"2023-04-26T11:34:30","slug":"la-metafora-una-manera-posible-de-decir-lo-que-queremos-decir","status":"publish","type":"page","link":"https:\/\/campusff.ms.gba.gov.ar\/floreal\/la-metafora-una-manera-posible-de-decir-lo-que-queremos-decir\/","title":{"rendered":"La met\u00e1fora. Una manera posible de decir lo que queremos decir."},"content":{"rendered":"<div id=\"wppb-builder-container\" class=\"wppb-builder-container\">                <div  class=\"wppb-row-parent  wppb-row-1682504334308 \"  >\n\t\t\t\t\t\n\t\t\t\t\t\t\t\t\t\t\n\t\t\t\t\t\t\t\t\t\t\n\t\t\t\t\t<div class=\"wppb-container \">\n\t\t\t\t\t\t\t\t\t\t\t\t\t\n                        <div class=\"wppb-row\">\n\t\t\t\t\t\t\t                                    <div  class=\"wppb-column-parent wppb-column-parent-view wppb-col-1682504334309  \"  >\n                                        <div class=\"wppb-column\">\n\t\t\t\t\t\n\t\t\t\t\t\t\t\t\t\t\t\n                                            <div class=\"wppb-builder-addons\">\n\t\t\t\t\t\t\t\t\t\t\t\t<div class='wppb-builder-addon wppb-addon-1682504334310'  data-addon-id='1682504334310'><div class='wppb-addon'><div class=\"wppb-text-block-addon\"><div class=\"wppb-text-block-content wppb-text-block-drop\"><p>Una manera posible de decir lo que queremos decir. \"La met\u00e1fora. Un taller de escritura creativa para todxs aquellxs trabajadorxs de la salud que tienen algo para expresar sobre sus pr\u00e1cticas.<\/p><p>Equipo: Carolina Ricaldoni, periodista y \u00c1ngel Rutigliano, psic\u00f3logo. En la producci\u00f3n y controles Franco Di catarina<\/p><\/div><\/div><\/div><\/div>                                            <\/div>\n                                        <\/div>\n                                    <\/div>\n\t\t\t\t\t\t\t\t\t                                    <div  class=\"wppb-column-parent wppb-column-parent-view wppb-col-1682504334311  \"  >\n                                        <div class=\"wppb-column\">\n\t\t\t\t\t\n\t\t\t\t\t\t\t\t\t\t\t\n                                            <div class=\"wppb-builder-addons\">\n\t\t\t\t\t\t\t\t\t\t\t\t<div class='wppb-builder-addon wppb-addon-1682504334312'  data-addon-id='1682504334312'><div class='wppb-addon'><div class=\"wppb-raw-html-addon\"><div class=\"wppb-raw-html-content\"><iframe loading=\"lazy\" src=\"https:\/\/www.ivoox.com\/player_es_podcast_1930703_zp_1.html?c1=cfbc8b\" width=\"100%\" height=\"400\" frameborder=\"0\" allowfullscreen=\"\"><\/iframe><\/div><\/div><\/div><\/div>                                            <\/div>\n                                        <\/div>\n                                    <\/div>\n\t\t\t\t\t\t\t\t\t                        <\/div>\n\n                    <\/div>\n                <\/div>\n\t\t\t\t<\/div>","protected":false},"excerpt":{"rendered":"<p>Una manera posible de decir lo que queremos decir. &#8220;La met\u00e1fora. Un taller de escritura creativa para todxs aquellxs trabajadorxs de la salud que tienen algo para expresar sobre sus pr\u00e1cticas.Equipo: Carolina Ricaldoni, periodista y \u00c1ngel Rutigliano, psic\u00f3logo. En la &hellip; <a href=\"https:\/\/campusff.ms.gba.gov.ar\/floreal\/la-metafora-una-manera-posible-de-decir-lo-que-queremos-decir\/\">Continued<\/a><\/p>\n","protected":false},"author":2,"featured_media":0,"parent":0,"menu_order":0,"comment_status":"closed","ping_status":"closed","template":"","meta":{"footnotes":""},"class_list":["post-871","page","type-page","status-publish","hentry"],"_links":{"self":[{"href":"https:\/\/campusff.ms.gba.gov.ar\/floreal\/wp-json\/wp\/v2\/pages\/871","targetHints":{"allow":["GET"]}}],"collection":[{"href":"https:\/\/campusff.ms.gba.gov.ar\/floreal\/wp-json\/wp\/v2\/pages"}],"about":[{"href":"https:\/\/campusff.ms.gba.gov.ar\/floreal\/wp-json\/wp\/v2\/types\/page"}],"author":[{"embeddable":true,"href":"https:\/\/campusff.ms.gba.gov.ar\/floreal\/wp-json\/wp\/v2\/users\/2"}],"replies":[{"embeddable":true,"href":"https:\/\/campusff.ms.gba.gov.ar\/floreal\/wp-json\/wp\/v2\/comments?post=871"}],"version-history":[{"count":2,"href":"https:\/\/campusff.ms.gba.gov.ar\/floreal\/wp-json\/wp\/v2\/pages\/871\/revisions"}],"predecessor-version":[{"id":873,"href":"https:\/\/campusff.ms.gba.gov.ar\/floreal\/wp-json\/wp\/v2\/pages\/871\/revisions\/873"}],"wp:attachment":[{"href":"https:\/\/campusff.ms.gba.gov.ar\/floreal\/wp-json\/wp\/v2\/media?parent=871"}],"curies":[{"name":"wp","href":"https:\/\/api.w.org\/{rel}","templated":true}]}}