{"id":865,"date":"2023-03-21T12:53:58","date_gmt":"2023-03-21T15:53:58","guid":{"rendered":"https:\/\/campusff.ms.gba.gov.ar\/floreal\/?page_id=865"},"modified":"2023-04-19T10:21:04","modified_gmt":"2023-04-19T13:21:04","slug":"hablemos-de-salud-mental","status":"publish","type":"page","link":"https:\/\/campusff.ms.gba.gov.ar\/floreal\/hablemos-de-salud-mental\/","title":{"rendered":"Hablemos de salud mental"},"content":{"rendered":"<div id=\"wppb-builder-container\" class=\"wppb-builder-container\">                <div  class=\"wppb-row-parent  wppb-row-1679414038924 \"  >\n\t\t\t\t\t\n\t\t\t\t\t\t\t\t\t\t\n\t\t\t\t\t\t\t\t\t\t\n\t\t\t\t\t<div class=\"wppb-container \">\n\t\t\t\t\t\t\t\t\t\t\t\t\t\n                        <div class=\"wppb-row\">\n\t\t\t\t\t\t\t                                    <div  class=\"wppb-column-parent wppb-column-parent-view wppb-col-1679414038925  \"  >\n                                        <div class=\"wppb-column\">\n\t\t\t\t\t\n\t\t\t\t\t\t\t\t\t\t\t\n                                            <div class=\"wppb-builder-addons\">\n\t\t\t\t\t\t\t\t\t\t\t\t<div class='wppb-builder-addon wppb-addon-1679414038926'  data-addon-id='1679414038926'><div class='wppb-addon'><div class=\"wppb-text-block-addon\"><div class=\"wppb-text-block-content wppb-text-block-drop\"><div class=\"popover-content\">Desmanicomializaci\u00f3n puede ser dif\u00edcil. Mejor hablemos salud mental. Hospital de d\u00eda del servicio de Salud Mental del Hospital San Mart\u00edn de La Plata.<\/div><\/div><\/div><\/div><\/div>                                            <\/div>\n                                        <\/div>\n                                    <\/div>\n\t\t\t\t\t\t\t\t\t                                    <div  class=\"wppb-column-parent wppb-column-parent-view wppb-col-1679414038927  \"  >\n                                        <div class=\"wppb-column\">\n\t\t\t\t\t\n\t\t\t\t\t\t\t\t\t\t\t\n                                            <div class=\"wppb-builder-addons\">\n\t\t\t\t\t\t\t\t\t\t\t\t<div class='wppb-builder-addon wppb-addon-1679414038928'  data-addon-id='1679414038928'><div class='wppb-addon'><div class=\"wppb-raw-html-addon\"><div class=\"wppb-raw-html-content\"><iframe loading=\"lazy\" src=\"https:\/\/www.ivoox.com\/player_es_podcast_1866748_zp_1.html\" width=\"100%\" height=\"400\" frameborder=\"0\" allowfullscreen=\"0\"><\/iframe><\/div><\/div><\/div><\/div>                                            <\/div>\n                                        <\/div>\n                                    <\/div>\n\t\t\t\t\t\t\t\t\t                        <\/div>\n\n                    <\/div>\n                <\/div>\n\t\t\t\t<\/div>","protected":false},"excerpt":{"rendered":"<p>Desmanicomializaci\u00f3n puede ser dif\u00edcil. Mejor hablemos salud mental. Hospital de d\u00eda del servicio de Salud Mental del Hospital San Mart\u00edn de La Plata.<\/p>\n","protected":false},"author":2,"featured_media":0,"parent":0,"menu_order":0,"comment_status":"closed","ping_status":"closed","template":"","meta":{"footnotes":""},"class_list":["post-865","page","type-page","status-publish","hentry"],"_links":{"self":[{"href":"https:\/\/campusff.ms.gba.gov.ar\/floreal\/wp-json\/wp\/v2\/pages\/865","targetHints":{"allow":["GET"]}}],"collection":[{"href":"https:\/\/campusff.ms.gba.gov.ar\/floreal\/wp-json\/wp\/v2\/pages"}],"about":[{"href":"https:\/\/campusff.ms.gba.gov.ar\/floreal\/wp-json\/wp\/v2\/types\/page"}],"author":[{"embeddable":true,"href":"https:\/\/campusff.ms.gba.gov.ar\/floreal\/wp-json\/wp\/v2\/users\/2"}],"replies":[{"embeddable":true,"href":"https:\/\/campusff.ms.gba.gov.ar\/floreal\/wp-json\/wp\/v2\/comments?post=865"}],"version-history":[{"count":1,"href":"https:\/\/campusff.ms.gba.gov.ar\/floreal\/wp-json\/wp\/v2\/pages\/865\/revisions"}],"predecessor-version":[{"id":866,"href":"https:\/\/campusff.ms.gba.gov.ar\/floreal\/wp-json\/wp\/v2\/pages\/865\/revisions\/866"}],"wp:attachment":[{"href":"https:\/\/campusff.ms.gba.gov.ar\/floreal\/wp-json\/wp\/v2\/media?parent=865"}],"curies":[{"name":"wp","href":"https:\/\/api.w.org\/{rel}","templated":true}]}}