{"id":848,"date":"2023-01-31T16:13:47","date_gmt":"2023-01-31T19:13:47","guid":{"rendered":"https:\/\/campusff.ms.gba.gov.ar\/floreal\/?page_id=848"},"modified":"2023-01-31T16:19:49","modified_gmt":"2023-01-31T19:19:49","slug":"la-salud-en-foco","status":"publish","type":"page","link":"https:\/\/campusff.ms.gba.gov.ar\/floreal\/la-salud-en-foco\/","title":{"rendered":"La salud en foco"},"content":{"rendered":"<div id=\"wppb-builder-container\" class=\"wppb-builder-container\">                <div  class=\"wppb-row-parent  wppb-row-1675192429378 \"  >\n\t\t\t\t\t\n\t\t\t\t\t\t\t\t\t\t\n\t\t\t\t\t\t\t\t\t\t\n\t\t\t\t\t<div class=\"wppb-container \">\n\t\t\t\t\t\t\t\t\t\t\t\t\t\n                        <div class=\"wppb-row\">\n\t\t\t\t\t\t\t                                    <div  class=\"wppb-column-parent wppb-column-parent-view wppb-col-1675192429379  \"  >\n                                        <div class=\"wppb-column\">\n\t\t\t\t\t\n\t\t\t\t\t\t\t\t\t\t\t\n                                            <div class=\"wppb-builder-addons\">\n\t\t\t\t\t\t\t\t\t\t\t\t<div class='wppb-builder-addon wppb-addon-1675192429380'  data-addon-id='1675192429380'><div class='wppb-addon'><div class=\"wppb-text-block-addon\"><div class=\"wppb-text-block-content wppb-text-block-drop\"><p>La ficci\u00f3n y el documental audiovisuales nos traen temas de salud, identidad y diversidad. Breves an\u00e1lisis y cr\u00edticas como referencias que nos invitan a su visionado.<\/p><\/div><\/div><\/div><\/div>                                            <\/div>\n                                        <\/div>\n                                    <\/div>\n\t\t\t\t\t\t\t\t\t                                    <div  class=\"wppb-column-parent wppb-column-parent-view wppb-col-1675192429381  \"  >\n                                        <div class=\"wppb-column\">\n\t\t\t\t\t\n\t\t\t\t\t\t\t\t\t\t\t\n                                            <div class=\"wppb-builder-addons\">\n\t\t\t\t\t\t\t\t\t\t\t\t<div class='wppb-builder-addon wppb-addon-1675192429382'  data-addon-id='1675192429382'><div class='wppb-addon'><div class=\"wppb-raw-html-addon\"><div class=\"wppb-raw-html-content\"><iframe loading=\"lazy\" src=\"https:\/\/www.ivoox.com\/player_es_podcast_1811007_zp_1.html?c1=04acc4\" width=\"100%\" height=\"400\" frameborder=\"0\" allowfullscreen=\"\"><\/iframe><\/div><\/div><\/div><\/div>                                            <\/div>\n                                        <\/div>\n                                    <\/div>\n\t\t\t\t\t\t\t\t\t                        <\/div>\n\n                    <\/div>\n                <\/div>\n\t\t\t\t<\/div>","protected":false},"excerpt":{"rendered":"<p>La ficci\u00f3n y el documental audiovisuales nos traen temas de salud, identidad y diversidad. Breves an\u00e1lisis y cr\u00edticas como referencias que nos invitan a su visionado.<\/p>\n","protected":false},"author":2,"featured_media":0,"parent":0,"menu_order":0,"comment_status":"closed","ping_status":"closed","template":"","meta":{"footnotes":""},"class_list":["post-848","page","type-page","status-publish","hentry"],"_links":{"self":[{"href":"https:\/\/campusff.ms.gba.gov.ar\/floreal\/wp-json\/wp\/v2\/pages\/848","targetHints":{"allow":["GET"]}}],"collection":[{"href":"https:\/\/campusff.ms.gba.gov.ar\/floreal\/wp-json\/wp\/v2\/pages"}],"about":[{"href":"https:\/\/campusff.ms.gba.gov.ar\/floreal\/wp-json\/wp\/v2\/types\/page"}],"author":[{"embeddable":true,"href":"https:\/\/campusff.ms.gba.gov.ar\/floreal\/wp-json\/wp\/v2\/users\/2"}],"replies":[{"embeddable":true,"href":"https:\/\/campusff.ms.gba.gov.ar\/floreal\/wp-json\/wp\/v2\/comments?post=848"}],"version-history":[{"count":1,"href":"https:\/\/campusff.ms.gba.gov.ar\/floreal\/wp-json\/wp\/v2\/pages\/848\/revisions"}],"predecessor-version":[{"id":849,"href":"https:\/\/campusff.ms.gba.gov.ar\/floreal\/wp-json\/wp\/v2\/pages\/848\/revisions\/849"}],"wp:attachment":[{"href":"https:\/\/campusff.ms.gba.gov.ar\/floreal\/wp-json\/wp\/v2\/media?parent=848"}],"curies":[{"name":"wp","href":"https:\/\/api.w.org\/{rel}","templated":true}]}}