{"id":1046,"date":"2025-02-13T07:47:00","date_gmt":"2025-02-13T10:47:00","guid":{"rendered":"https:\/\/campusff.ms.gba.gov.ar\/floreal\/?page_id=1046"},"modified":"2025-02-13T07:47:01","modified_gmt":"2025-02-13T10:47:01","slug":"cartas-abiertas","status":"publish","type":"page","link":"https:\/\/campusff.ms.gba.gov.ar\/floreal\/cartas-abiertas\/","title":{"rendered":"Cartas abiertas"},"content":{"rendered":"<div id=\"wppb-builder-container\" class=\"wppb-builder-container\">                <div  class=\"wppb-row-parent  wppb-row-1739443629254 \"  >\n\t\t\t\t\t\n\t\t\t\t\t\t\t\t\t\t\n\t\t\t\t\t\t\t\t\t\t\n\t\t\t\t\t<div class=\"wppb-container \">\n\t\t\t\t\t\t\t\t\t\t\t\t\t\n                        <div class=\"wppb-row\">\n\t\t\t\t\t\t\t                                    <div  class=\"wppb-column-parent wppb-column-parent-view wppb-col-1739443629255  \"  >\n                                        <div class=\"wppb-column\">\n\t\t\t\t\t\n\t\t\t\t\t\t\t\t\t\t\t\n                                            <div class=\"wppb-builder-addons\">\n\t\t\t\t\t\t\t\t\t\t\t\t<div class='wppb-builder-addon wppb-addon-1739443629256'  data-addon-id='1739443629256'><div class='wppb-addon'><div class=\"wppb-text-block-addon\"><div class=\"wppb-text-block-content 0\"><p><strong>Cartas abiertas<\/strong> Todos los mi\u00e9rcoles a las 13 horas, emisi\u00f3n en vivo con la conducci\u00f3n de Mario Rovere. La idea de Cartas abiertas es ponernos en conexi\u00f3n entre el mundo de la salud y el mundo de la pol\u00edtica.<\/p><\/div><\/div><\/div><\/div>                                            <\/div>\n                                        <\/div>\n                                    <\/div>\n\t\t\t\t\t\t\t\t\t                                    <div  class=\"wppb-column-parent wppb-column-parent-view wppb-col-1739443629257  \"  >\n                                        <div class=\"wppb-column\">\n\t\t\t\t\t\n\t\t\t\t\t\t\t\t\t\t\t\n                                            <div class=\"wppb-builder-addons\">\n\t\t\t\t\t\t\t\t\t\t\t\t<div class='wppb-builder-addon wppb-addon-1739443629258'  data-addon-id='1739443629258'><div class='wppb-addon'><div class=\"wppb-raw-html-addon\"><div class=\"wppb-raw-html-content\"><iframe loading=\"lazy\" src=\"https:\/\/www.ivoox.com\/player_es_podcast_2530460_zp_1.html?c1=22b1be\" width=\"100%\" height=\"400\" frameborder=\"0\" allowfullscreen=\"\"><\/iframe><\/div><\/div><\/div><\/div>                                            <\/div>\n                                        <\/div>\n                                    <\/div>\n\t\t\t\t\t\t\t\t\t                        <\/div>\n\n                    <\/div>\n                <\/div>\n\t\t\t\t<\/div>","protected":false},"excerpt":{"rendered":"<p>Cartas abiertas Todos los mi\u00e9rcoles a las 13 horas, emisi\u00f3n en vivo con la conducci\u00f3n de Mario Rovere. La idea de Cartas abiertas es ponernos en conexi\u00f3n entre el mundo de la salud y el mundo de la pol\u00edtica.<\/p>\n","protected":false},"author":2,"featured_media":0,"parent":0,"menu_order":0,"comment_status":"closed","ping_status":"closed","template":"","meta":{"footnotes":""},"class_list":["post-1046","page","type-page","status-publish","hentry"],"_links":{"self":[{"href":"https:\/\/campusff.ms.gba.gov.ar\/floreal\/wp-json\/wp\/v2\/pages\/1046","targetHints":{"allow":["GET"]}}],"collection":[{"href":"https:\/\/campusff.ms.gba.gov.ar\/floreal\/wp-json\/wp\/v2\/pages"}],"about":[{"href":"https:\/\/campusff.ms.gba.gov.ar\/floreal\/wp-json\/wp\/v2\/types\/page"}],"author":[{"embeddable":true,"href":"https:\/\/campusff.ms.gba.gov.ar\/floreal\/wp-json\/wp\/v2\/users\/2"}],"replies":[{"embeddable":true,"href":"https:\/\/campusff.ms.gba.gov.ar\/floreal\/wp-json\/wp\/v2\/comments?post=1046"}],"version-history":[{"count":1,"href":"https:\/\/campusff.ms.gba.gov.ar\/floreal\/wp-json\/wp\/v2\/pages\/1046\/revisions"}],"predecessor-version":[{"id":1047,"href":"https:\/\/campusff.ms.gba.gov.ar\/floreal\/wp-json\/wp\/v2\/pages\/1046\/revisions\/1047"}],"wp:attachment":[{"href":"https:\/\/campusff.ms.gba.gov.ar\/floreal\/wp-json\/wp\/v2\/media?parent=1046"}],"curies":[{"name":"wp","href":"https:\/\/api.w.org\/{rel}","templated":true}]}}