{"id":1032,"date":"2024-10-22T15:37:38","date_gmt":"2024-10-22T18:37:38","guid":{"rendered":"https:\/\/campusff.ms.gba.gov.ar\/floreal\/?page_id=1032"},"modified":"2024-10-22T15:42:27","modified_gmt":"2024-10-22T18:42:27","slug":"frecuencia-salud","status":"publish","type":"page","link":"https:\/\/campusff.ms.gba.gov.ar\/floreal\/frecuencia-salud\/","title":{"rendered":"Frecuencia Salud"},"content":{"rendered":"<div id=\"wppb-builder-container\" class=\"wppb-builder-container\">                <div  class=\"wppb-row-parent  wppb-row-1729622261239 \"  >\n\t\t\t\t\t\n\t\t\t\t\t\t\t\t\t\t\n\t\t\t\t\t\t\t\t\t\t\n\t\t\t\t\t<div class=\"wppb-container \">\n\t\t\t\t\t\t\t\t\t\t\t\t\t\n                        <div class=\"wppb-row\">\n\t\t\t\t\t\t\t                                    <div  class=\"wppb-column-parent wppb-column-parent-view wppb-col-1729622261240  \"  >\n                                        <div class=\"wppb-column\">\n\t\t\t\t\t\n\t\t\t\t\t\t\t\t\t\t\t\n                                            <div class=\"wppb-builder-addons\">\n\t\t\t\t\t\t\t\t\t\t\t\t<div class='wppb-builder-addon wppb-addon-1729622261241'  data-addon-id='1729622261241'><div class='wppb-addon'><div class=\"wppb-text-block-addon\"><div class=\"wppb-text-block-content wppb-text-block-drop\"><p><span style=\"color: #000000\"><strong>Frecuencia Salud<\/strong> es un ciclo de programas educativos producido por la Residencia de Educaci\u00f3n en y para la Salud, en el marco de la rotaci\u00f3n por la Radio Floreal de la Escuela de Gobierno en Salud Floreal Ferrara. En cada uno de los programas conversamos con diferentes profesionales en relaci\u00f3n a la prevenci\u00f3n y promoci\u00f3n en salud.<\/span><\/p><p><em>Responsables:<\/em> Anal\u00eda Bellantoni, Fabiana Canessa Alzamora, Gimena Devoto.<\/p><\/div><\/div><\/div><\/div>                                            <\/div>\n                                        <\/div>\n                                    <\/div>\n\t\t\t\t\t\t\t\t\t                                    <div  class=\"wppb-column-parent wppb-column-parent-view wppb-col-1729622261242  \"  >\n                                        <div class=\"wppb-column\">\n\t\t\t\t\t\n\t\t\t\t\t\t\t\t\t\t\t\n                                            <div class=\"wppb-builder-addons\">\n\t\t\t\t\t\t\t\t\t\t\t\t<div class='wppb-builder-addon wppb-addon-1729622261243'  data-addon-id='1729622261243'><div class='wppb-addon'><div class=\"wppb-raw-html-addon\"><div class=\"wppb-raw-html-content\"><iframe loading=\"lazy\" src=\"https:\/\/www.ivoox.com\/player_es_podcast_2481483_zp_1.html?c1=d4e7c5\" width=\"100%\" height=\"400\" frameborder=\"0\" allowfullscreen=\"\"><\/iframe><\/div><\/div><\/div><\/div>                                            <\/div>\n                                        <\/div>\n                                    <\/div>\n\t\t\t\t\t\t\t\t\t                        <\/div>\n\n                    <\/div>\n                <\/div>\n\t\t\t\t<\/div>","protected":false},"excerpt":{"rendered":"<p>Frecuencia Salud es un ciclo de programas educativos producido por la Residencia de Educaci\u00f3n en y para la Salud, en el marco de la rotaci\u00f3n por la Radio Floreal de la Escuela de Gobierno en Salud Floreal Ferrara. En cada &hellip; <a href=\"https:\/\/campusff.ms.gba.gov.ar\/floreal\/frecuencia-salud\/\">Continued<\/a><\/p>\n","protected":false},"author":2,"featured_media":0,"parent":0,"menu_order":0,"comment_status":"closed","ping_status":"closed","template":"","meta":{"footnotes":""},"class_list":["post-1032","page","type-page","status-publish","hentry"],"_links":{"self":[{"href":"https:\/\/campusff.ms.gba.gov.ar\/floreal\/wp-json\/wp\/v2\/pages\/1032","targetHints":{"allow":["GET"]}}],"collection":[{"href":"https:\/\/campusff.ms.gba.gov.ar\/floreal\/wp-json\/wp\/v2\/pages"}],"about":[{"href":"https:\/\/campusff.ms.gba.gov.ar\/floreal\/wp-json\/wp\/v2\/types\/page"}],"author":[{"embeddable":true,"href":"https:\/\/campusff.ms.gba.gov.ar\/floreal\/wp-json\/wp\/v2\/users\/2"}],"replies":[{"embeddable":true,"href":"https:\/\/campusff.ms.gba.gov.ar\/floreal\/wp-json\/wp\/v2\/comments?post=1032"}],"version-history":[{"count":1,"href":"https:\/\/campusff.ms.gba.gov.ar\/floreal\/wp-json\/wp\/v2\/pages\/1032\/revisions"}],"predecessor-version":[{"id":1033,"href":"https:\/\/campusff.ms.gba.gov.ar\/floreal\/wp-json\/wp\/v2\/pages\/1032\/revisions\/1033"}],"wp:attachment":[{"href":"https:\/\/campusff.ms.gba.gov.ar\/floreal\/wp-json\/wp\/v2\/media?parent=1032"}],"curies":[{"name":"wp","href":"https:\/\/api.w.org\/{rel}","templated":true}]}}