{"id":1020,"date":"2024-09-20T18:30:35","date_gmt":"2024-09-20T21:30:35","guid":{"rendered":"https:\/\/campusff.ms.gba.gov.ar\/floreal\/?page_id=1020"},"modified":"2024-09-20T18:30:35","modified_gmt":"2024-09-20T21:30:35","slug":"derechos-y-vejeces","status":"publish","type":"page","link":"https:\/\/campusff.ms.gba.gov.ar\/floreal\/derechos-y-vejeces\/","title":{"rendered":"Derechos y vejeces"},"content":{"rendered":"<div id=\"wppb-builder-container\" class=\"wppb-builder-container\">                <div  class=\"wppb-row-parent  wppb-row-1726778187671 \"  >\n\t\t\t\t\t\n\t\t\t\t\t\t\t\t\t\t\n\t\t\t\t\t\t\t\t\t\t\n\t\t\t\t\t<div class=\"wppb-container \">\n\t\t\t\t\t\t\t\t\t\t\t\t\t\n                        <div class=\"wppb-row\">\n\t\t\t\t\t\t\t                                    <div  class=\"wppb-column-parent wppb-column-parent-view wppb-col-1726778187672  \"  >\n                                        <div class=\"wppb-column\">\n\t\t\t\t\t\n\t\t\t\t\t\t\t\t\t\t\t\n                                            <div class=\"wppb-builder-addons\">\n\t\t\t\t\t\t\t\t\t\t\t\t<div class='wppb-builder-addon wppb-addon-1726778187673'  data-addon-id='1726778187673'><div class='wppb-addon'><div class=\"wppb-text-block-addon\"><div class=\"wppb-text-block-content 0\"><p><b>Derechos y vejeces: desocultar para transformar<\/b><span style=\"font-weight: 400\"> es un espacio en el cual participan distintos ministerios y organismos de la Provincia de Buenos Aires, integrantes de la Mesa Interinstitucional para el Abordaje Integral de las Personas Mayores. Este espacio busca favorecer el di\u00e1logo, circular la palabra, promoviendo nuevas narrativas que permitan problematizar los modos de comprender el envejecimiento y la vejez. <\/span><span style=\"font-weight: 400\">Este ciclo radial, que tiene como protagonistas a las personas mayores, busca asimismo acercar informaci\u00f3n y posibilitar la reflexi\u00f3n, a fin de construir una nueva instancia, que beneficie a esta poblaci\u00f3n.<\/span><\/p><\/div><\/div><\/div><\/div>                                            <\/div>\n                                        <\/div>\n                                    <\/div>\n\t\t\t\t\t\t\t\t\t                                    <div  class=\"wppb-column-parent wppb-column-parent-view wppb-col-1726778187674  \"  >\n                                        <div class=\"wppb-column\">\n\t\t\t\t\t\n\t\t\t\t\t\t\t\t\t\t\t\n                                            <div class=\"wppb-builder-addons\">\n\t\t\t\t\t\t\t\t\t\t\t\t<div class='wppb-builder-addon wppb-addon-1726778187675'  data-addon-id='1726778187675'><div class='wppb-addon'><div class=\"wppb-raw-html-addon\"><div class=\"wppb-raw-html-content\"><iframe loading=\"lazy\" src=\"https:\/\/www.ivoox.com\/player_es_podcast_2475002_zp_1.html?c1=24d6a9\" width=\"100%\" height=\"400\" frameborder=\"0\" allowfullscreen=\"\"><\/iframe><\/div><\/div><\/div><\/div>                                            <\/div>\n                                        <\/div>\n                                    <\/div>\n\t\t\t\t\t\t\t\t\t                        <\/div>\n\n                    <\/div>\n                <\/div>\n\t\t\t\t<\/div>","protected":false},"excerpt":{"rendered":"<p>Derechos y vejeces: desocultar para transformar es un espacio en el cual participan distintos ministerios y organismos de la Provincia de Buenos Aires, integrantes de la Mesa Interinstitucional para el Abordaje Integral de las Personas Mayores. Este espacio busca favorecer &hellip; <a href=\"https:\/\/campusff.ms.gba.gov.ar\/floreal\/derechos-y-vejeces\/\">Continued<\/a><\/p>\n","protected":false},"author":2,"featured_media":0,"parent":0,"menu_order":0,"comment_status":"closed","ping_status":"closed","template":"","meta":{"footnotes":""},"class_list":["post-1020","page","type-page","status-publish","hentry"],"_links":{"self":[{"href":"https:\/\/campusff.ms.gba.gov.ar\/floreal\/wp-json\/wp\/v2\/pages\/1020","targetHints":{"allow":["GET"]}}],"collection":[{"href":"https:\/\/campusff.ms.gba.gov.ar\/floreal\/wp-json\/wp\/v2\/pages"}],"about":[{"href":"https:\/\/campusff.ms.gba.gov.ar\/floreal\/wp-json\/wp\/v2\/types\/page"}],"author":[{"embeddable":true,"href":"https:\/\/campusff.ms.gba.gov.ar\/floreal\/wp-json\/wp\/v2\/users\/2"}],"replies":[{"embeddable":true,"href":"https:\/\/campusff.ms.gba.gov.ar\/floreal\/wp-json\/wp\/v2\/comments?post=1020"}],"version-history":[{"count":2,"href":"https:\/\/campusff.ms.gba.gov.ar\/floreal\/wp-json\/wp\/v2\/pages\/1020\/revisions"}],"predecessor-version":[{"id":1022,"href":"https:\/\/campusff.ms.gba.gov.ar\/floreal\/wp-json\/wp\/v2\/pages\/1020\/revisions\/1022"}],"wp:attachment":[{"href":"https:\/\/campusff.ms.gba.gov.ar\/floreal\/wp-json\/wp\/v2\/media?parent=1020"}],"curies":[{"name":"wp","href":"https:\/\/api.w.org\/{rel}","templated":true}]}}