{"id":2529,"date":"2024-06-11T13:21:06","date_gmt":"2024-06-11T16:21:06","guid":{"rendered":"https:\/\/campusff.ms.gba.gov.ar\/comunidaddea-ff\/?page_id=2529"},"modified":"2024-06-11T13:21:07","modified_gmt":"2024-06-11T16:21:07","slug":"reporte-de-la-salud-con-perspectiva-internacional","status":"publish","type":"page","link":"https:\/\/campusff.ms.gba.gov.ar\/comunidaddea-ff\/reporte-de-la-salud-con-perspectiva-internacional\/","title":{"rendered":"Reporte de la salud, con perspectiva internacional"},"content":{"rendered":"                <div  class=\"wppb-row-parent  wppb-row-1718122987552 \"  >\n\t\t\t\t\t\n\t\t\t\t\t\t\t\t\t\t\n\t\t\t\t\t\t\t\t\t\t\n\t\t\t\t\t<div class=\"wppb-container \">\n\t\t\t\t\t\t\t\t\t\t\t\t\t\n                        <div class=\"wppb-row\">\n\t\t\t\t\t\t\t                                    <div  class=\"wppb-column-parent wppb-column-parent-view wppb-col-1718122987551  \"  >\n                                        <div class=\"wppb-column\">\n\t\t\t\t\t\n\t\t\t\t\t\t\t\t\t\t\t\n                                            <div class=\"wppb-builder-addons\">\n\t\t\t\t\t\t\t\t\t\t\t\t<div class='wppb-builder-addon wppb-addon-1718123034338'  data-addon-id='1718123034338'><div class='wppb-addon'>\t\r\n            <div class=\"wppb-posts-addon\">\r\n                <div class=\"wppb-posts-addon-content\">\r\n\t\t\t\t\t<div class=\"wppb-addons-col\">\r\n\t\t\t\t\t\t\t\t\t\t\t\t\t<div class=\"wppb-addons-col-md3 wppb-addons-col-sm2 wppb-addons-col-xs1\">\r\n\t\t\t\t\t\t\t\t\r\n\t\t\t\t\t\t\t\t<div class=\"wppb-post-grid-wrap wppb-post-grid-one\"><div class=\"wppb-post-grid-img\"><a href=\"https:\/\/campusff.ms.gba.gov.ar\/comunidaddea-ff\/2025\/04\/17\/reporte-de-salud-internacional-ano-02-05\/\"><img decoding=\"async\" src=\"https:\/\/campusff.ms.gba.gov.ar\/comunidaddea-ff\/wp-content\/uploads\/sites\/3\/2024\/06\/LogoSI-600x450.jpg\" alt=\"Reporte de salud internacional A\u00f1o 02 #05\"\/><\/a><\/div><div class=\"wppb-post-grid-content\"><h3 class=\"wppb-post-grid-title\"><a href=\"https:\/\/campusff.ms.gba.gov.ar\/comunidaddea-ff\/2025\/04\/17\/reporte-de-salud-internacional-ano-02-05\/\">Reporte de salud internacional A\u00f1o 02 #05<\/a><\/h3><div class=\"wppb-post-grid-meta\">17 abril, 2025<\/div><div class=\"wppb-post-grid-intro\">Por Mario Rovere.\u00a0Publicado en Revista Soberan\u00eda Sanitaria Comentario editorial En un hipot\u00e9tico, aunque no tanto, juego de la guerra \u201creagrupar\u201d pareci\u00f3 ser el lema principal de la \u00faltima semana, luego<\/div><div class=\"wppb-post-grid-btn-wrap\"><a class=\"wppb-post-grid-btn\" href=\"https:\/\/campusff.ms.gba.gov.ar\/comunidaddea-ff\/2025\/04\/17\/reporte-de-salud-internacional-ano-02-05\/\">Leer m\u00e1s<\/a><\/div><\/div><\/div>\t\t\t\t\t\t\t<\/div> <!--\/.wppb-addons-col-->\r\n\t\t\t\t\t\t\t\t\t\t\t\t\t\t<div class=\"wppb-addons-col-md3 wppb-addons-col-sm2 wppb-addons-col-xs1\">\r\n\t\t\t\t\t\t\t\t\r\n\t\t\t\t\t\t\t\t<div class=\"wppb-post-grid-wrap wppb-post-grid-one\"><div class=\"wppb-post-grid-img\"><a href=\"https:\/\/campusff.ms.gba.gov.ar\/comunidaddea-ff\/2025\/04\/10\/reporte-de-salud-internacional-ano-02-04\/\"><img decoding=\"async\" src=\"https:\/\/campusff.ms.gba.gov.ar\/comunidaddea-ff\/wp-content\/uploads\/sites\/3\/2024\/06\/LogoSI-600x450.jpg\" alt=\"Reporte de salud internacional A\u00f1o 02 #04\"\/><\/a><\/div><div class=\"wppb-post-grid-content\"><h3 class=\"wppb-post-grid-title\"><a href=\"https:\/\/campusff.ms.gba.gov.ar\/comunidaddea-ff\/2025\/04\/10\/reporte-de-salud-internacional-ano-02-04\/\">Reporte de salud internacional A\u00f1o 02 #04<\/a><\/h3><div class=\"wppb-post-grid-meta\">10 abril, 2025<\/div><div class=\"wppb-post-grid-intro\">Por Mario Rovere.\u00a0Publicado en Revista Soberan\u00eda Sanitaria Comentario editorial La conmoci\u00f3n que casi universalmente reflejan los medios de comunicaci\u00f3n expresa no solo un cambio geoecon\u00f3mico sino adem\u00e1s el cambio en<\/div><div class=\"wppb-post-grid-btn-wrap\"><a class=\"wppb-post-grid-btn\" href=\"https:\/\/campusff.ms.gba.gov.ar\/comunidaddea-ff\/2025\/04\/10\/reporte-de-salud-internacional-ano-02-04\/\">Leer m\u00e1s<\/a><\/div><\/div><\/div>\t\t\t\t\t\t\t<\/div> <!--\/.wppb-addons-col-->\r\n\t\t\t\t\t\t\t\t\t\t\t\t\t\t<div class=\"wppb-addons-col-md3 wppb-addons-col-sm2 wppb-addons-col-xs1\">\r\n\t\t\t\t\t\t\t\t\r\n\t\t\t\t\t\t\t\t<div class=\"wppb-post-grid-wrap wppb-post-grid-one\"><div class=\"wppb-post-grid-img\"><a href=\"https:\/\/campusff.ms.gba.gov.ar\/comunidaddea-ff\/2025\/04\/03\/reporte-de-salud-internacional-ano-02-03\/\"><img decoding=\"async\" src=\"https:\/\/campusff.ms.gba.gov.ar\/comunidaddea-ff\/wp-content\/uploads\/sites\/3\/2024\/06\/LogoSI-600x450.jpg\" alt=\"Reporte de salud internacional A\u00f1o 02 #03\"\/><\/a><\/div><div class=\"wppb-post-grid-content\"><h3 class=\"wppb-post-grid-title\"><a href=\"https:\/\/campusff.ms.gba.gov.ar\/comunidaddea-ff\/2025\/04\/03\/reporte-de-salud-internacional-ano-02-03\/\">Reporte de salud internacional A\u00f1o 02 #03<\/a><\/h3><div class=\"wppb-post-grid-meta\">3 abril, 2025<\/div><div class=\"wppb-post-grid-intro\">Por Mario Rovere.\u00a0Publicado en Revista Soberan\u00eda Sanitaria Comentario editorial \u201cLa dependencia es una condici\u00f3n hist\u00f3rica que determina cierta estructura de la econom\u00eda mundial que favorece a algunos pa\u00edses en detrimento<\/div><div class=\"wppb-post-grid-btn-wrap\"><a class=\"wppb-post-grid-btn\" href=\"https:\/\/campusff.ms.gba.gov.ar\/comunidaddea-ff\/2025\/04\/03\/reporte-de-salud-internacional-ano-02-03\/\">Leer m\u00e1s<\/a><\/div><\/div><\/div>\t\t\t\t\t\t\t<\/div> <!--\/.wppb-addons-col-->\r\n\t\t\t\t\t\t\t\t\t\t\t\t<\/div><!--\/.wppb-posts-addon-content-->\r\n\r\n\t\t\t\t\t<div class='wppb-posts-addon-pagination'><span class=\"wppb-posts-paginate-link wppb-posts-paginate-link-disable\"><i class=\"fas fa-angle-left\"><\/i><\/span><a href=\"#\" class=\"wppb-posts-paginate-link paginate-active\" data-paged=\"1\">1<\/a><a href=\"#\" class=\"wppb-posts-paginate-link \" data-paged=\"2\">2<\/a><a href=\"#\" class=\"wppb-posts-paginate-link \" data-paged=\"3\">3<\/a><a href=\"#\" class=\"wppb-posts-paginate-link \" data-paged=\"4\">4<\/a><a href=\"#\" class=\"wppb-posts-paginate-link \" data-paged=\"5\">5<\/a><a href=\"#\" class=\"wppb-posts-paginate-link \" data-paged=\"6\">6<\/a><a href=\"#\" class=\"wppb-posts-paginate-link \" data-paged=\"7\">7<\/a><a href=\"#\" class=\"wppb-posts-paginate-link \" data-paged=\"8\">8<\/a><a href=\"#\" class=\"wppb-posts-paginate-link \" data-paged=\"9\">9<\/a><a href=\"#\" class=\"wppb-posts-paginate-link \" data-paged=\"10\">10<\/a><a href=\"#\" class=\"wppb-posts-paginate-link \" data-paged=\"11\">11<\/a><a href=\"#\" class=\"wppb-posts-paginate-link \" data-paged=\"12\">12<\/a><a href=\"#\" class=\"wppb-posts-paginate-link \" data-paged=\"13\">13<\/a><a href=\"#\" class=\"wppb-posts-paginate-link \" data-paged=\"14\">14<\/a><a href=\"#\" class=\"wppb-posts-paginate-link \" data-paged=\"15\">15<\/a><a href=\"#\" class=\"wppb-posts-paginate-link \" data-paged=\"16\">16<\/a><a href=\"#\" class=\"wppb-posts-paginate-link \" data-paged=\"17\">17<\/a><a href=\"#\" class=\"wppb-posts-paginate-link \" data-paged=\"18\">18<\/a><a href=\"#\" class=\"wppb-posts-paginate-link\" data-paged=\"2\"><i class=\"fas fa-angle-right\"><\/i><\/a><\/div>            <\/div><!--\/.wppb-posts-addon-->\r\n        <\/div><!--\/.wppb-posts-addon-->\r\n\t\t\t<\/div><\/div>                                            <\/div>\n                                        <\/div>\n                                    <\/div>\n\t\t\t\t\t\t\t\t\t                        <\/div>\n\n                    <\/div>\n                <\/div>\n\t\t\t\t                <div  class=\"wppb-row-parent  wppb-row-1722827392019 \"  >\n\t\t\t\t\t\n\t\t\t\t\t\t\t\t\t\t\n\t\t\t\t\t\t\t\t\t\t\n\t\t\t\t\t<div class=\"wppb-container \">\n\t\t\t\t\t\t\t\t\t\t\t\t\t\n                        <div class=\"wppb-row\">\n\t\t\t\t\t\t\t                                    <div  class=\"wppb-column-parent wppb-column-parent-view wppb-col-1722827392018  \"  >\n                                        <div class=\"wppb-column\">\n\t\t\t\t\t\n\t\t\t\t\t\t\t\t\t\t\t\n                                            <div class=\"wppb-builder-addons\">\n\t\t\t\t\t\t\t\t\t\t\t\t<div class='wppb-builder-addon wppb-addon-1722827426226'  data-addon-id='1722827426226'><div class='wppb-addon'><div class=\"wppb-raw-html-addon\"><\/div><\/div><\/div>                                            <\/div>\n                                        <\/div>\n                                    <\/div>\n\t\t\t\t\t\t\t\t\t                        <\/div>\n\n                    <\/div>\n                <\/div>\n\t\t\t\t","protected":false},"excerpt":{"rendered":"","protected":false},"author":2,"featured_media":0,"parent":0,"menu_order":0,"comment_status":"closed","ping_status":"closed","template":"","meta":{"footnotes":""},"class_list":["post-2529","page","type-page","status-publish","hentry"],"_links":{"self":[{"href":"https:\/\/campusff.ms.gba.gov.ar\/comunidaddea-ff\/wp-json\/wp\/v2\/pages\/2529","targetHints":{"allow":["GET"]}}],"collection":[{"href":"https:\/\/campusff.ms.gba.gov.ar\/comunidaddea-ff\/wp-json\/wp\/v2\/pages"}],"about":[{"href":"https:\/\/campusff.ms.gba.gov.ar\/comunidaddea-ff\/wp-json\/wp\/v2\/types\/page"}],"author":[{"embeddable":true,"href":"https:\/\/campusff.ms.gba.gov.ar\/comunidaddea-ff\/wp-json\/wp\/v2\/users\/2"}],"replies":[{"embeddable":true,"href":"https:\/\/campusff.ms.gba.gov.ar\/comunidaddea-ff\/wp-json\/wp\/v2\/comments?post=2529"}],"version-history":[{"count":2,"href":"https:\/\/campusff.ms.gba.gov.ar\/comunidaddea-ff\/wp-json\/wp\/v2\/pages\/2529\/revisions"}],"predecessor-version":[{"id":2531,"href":"https:\/\/campusff.ms.gba.gov.ar\/comunidaddea-ff\/wp-json\/wp\/v2\/pages\/2529\/revisions\/2531"}],"wp:attachment":[{"href":"https:\/\/campusff.ms.gba.gov.ar\/comunidaddea-ff\/wp-json\/wp\/v2\/media?parent=2529"}],"curies":[{"name":"wp","href":"https:\/\/api.w.org\/{rel}","templated":true}]}}