{"id":1449,"date":"2022-11-21T09:56:17","date_gmt":"2022-11-21T12:56:17","guid":{"rendered":"https:\/\/campusff.ms.gba.gov.ar\/comunidaddea-ff\/?page_id=1449"},"modified":"2022-11-25T10:37:45","modified_gmt":"2022-11-25T13:37:45","slug":"cebas","status":"publish","type":"page","link":"https:\/\/campusff.ms.gba.gov.ar\/comunidaddea-ff\/cebas\/","title":{"rendered":"CEBAS"},"content":{"rendered":"\n<p>El Centro Especializado de Bachilleratos para Adultos con orientaci\u00f3n en Salud P\u00fablica es un Programa de formaci\u00f3n secundaria destinados a los trabajadores del sector de salud y la comunidad en general.&nbsp;<\/p>\n\n\n\n<p>Tiene como eje en su curr\u00edcula los talleres de Salud P\u00fablica en los que las 20 sedes desarrollan proyectos vinculados a su contexto sociosanitario en toda la provincia.&nbsp;Tiene una duraci\u00f3n de tres (3) a\u00f1os y su t\u00edtulo Bachiller con Orientaci\u00f3n en Salud P\u00fablica cuenta con especializaciones en Enfermer\u00eda y en Informaci\u00f3n y Gesti\u00f3n.&nbsp;<\/p>\n\n\n\n<p class=\"has-text-align-left\"><strong>\u00daltimas novedades del CEBAS N\u00b01 | Floreal Ferrara<\/strong><\/p>\n\n\n\n<p><a rel=\"noreferrer noopener\" href=\"https:\/\/docs.google.com\/forms\/d\/e\/1FAIpQLSfo0_0s6pl2uFizurNrftnDNv1Az5dskYnltqoNchWaDfNZMw\/viewform\" data-type=\"URL\" data-id=\"https:\/\/docs.google.com\/forms\/d\/e\/1FAIpQLSfo0_0s6pl2uFizurNrftnDNv1Az5dskYnltqoNchWaDfNZMw\/viewform\" target=\"_blank\">Enlace del formulario virtual de pre-inscripci\u00f3n<\/a><\/p>\n\n\n\n<p><a href=\"https:\/\/www.facebook.com\/cebas.laplata\" data-type=\"URL\" data-id=\"https:\/\/www.facebook.com\/cebas.laplata\" target=\"_blank\" rel=\"noreferrer noopener\">Para m\u00e1s informaci\u00f3n hacer click ac\u00e1<\/a><\/p>\n\n\n\n<div class=\"wp-block-image\"><figure class=\"aligncenter size-full\"><img loading=\"lazy\" decoding=\"async\" width=\"503\" height=\"600\" src=\"https:\/\/campusff.ms.gba.gov.ar\/comunidaddea-ff\/wp-content\/uploads\/sites\/3\/2022\/11\/cebas.jpg\" alt=\"\" class=\"wp-image-1491\" srcset=\"https:\/\/campusff.ms.gba.gov.ar\/comunidaddea-ff\/wp-content\/uploads\/sites\/3\/2022\/11\/cebas.jpg 503w, https:\/\/campusff.ms.gba.gov.ar\/comunidaddea-ff\/wp-content\/uploads\/sites\/3\/2022\/11\/cebas-252x300.jpg 252w\" sizes=\"auto, (max-width: 503px) 100vw, 503px\" \/><\/figure><\/div>\n","protected":false},"excerpt":{"rendered":"<p>El Centro Especializado de Bachilleratos para Adultos con orientaci\u00f3n en Salud P\u00fablica es un Programa de formaci\u00f3n secundaria destinados a los trabajadores del sector de salud y la comunidad en general.&nbsp; Tiene como eje en [&hellip;]<\/p>\n","protected":false},"author":4,"featured_media":0,"parent":0,"menu_order":0,"comment_status":"closed","ping_status":"closed","template":"","meta":{"footnotes":""},"class_list":["post-1449","page","type-page","status-publish","hentry"],"_links":{"self":[{"href":"https:\/\/campusff.ms.gba.gov.ar\/comunidaddea-ff\/wp-json\/wp\/v2\/pages\/1449","targetHints":{"allow":["GET"]}}],"collection":[{"href":"https:\/\/campusff.ms.gba.gov.ar\/comunidaddea-ff\/wp-json\/wp\/v2\/pages"}],"about":[{"href":"https:\/\/campusff.ms.gba.gov.ar\/comunidaddea-ff\/wp-json\/wp\/v2\/types\/page"}],"author":[{"embeddable":true,"href":"https:\/\/campusff.ms.gba.gov.ar\/comunidaddea-ff\/wp-json\/wp\/v2\/users\/4"}],"replies":[{"embeddable":true,"href":"https:\/\/campusff.ms.gba.gov.ar\/comunidaddea-ff\/wp-json\/wp\/v2\/comments?post=1449"}],"version-history":[{"count":3,"href":"https:\/\/campusff.ms.gba.gov.ar\/comunidaddea-ff\/wp-json\/wp\/v2\/pages\/1449\/revisions"}],"predecessor-version":[{"id":1494,"href":"https:\/\/campusff.ms.gba.gov.ar\/comunidaddea-ff\/wp-json\/wp\/v2\/pages\/1449\/revisions\/1494"}],"wp:attachment":[{"href":"https:\/\/campusff.ms.gba.gov.ar\/comunidaddea-ff\/wp-json\/wp\/v2\/media?parent=1449"}],"curies":[{"name":"wp","href":"https:\/\/api.w.org\/{rel}","templated":true}]}}