{"id":1011,"date":"2022-11-11T11:40:05","date_gmt":"2022-11-11T14:40:05","guid":{"rendered":"https:\/\/campusff.ms.gba.gov.ar\/comunidaddea-ff\/?page_id=1011"},"modified":"2022-11-11T12:37:29","modified_gmt":"2022-11-11T15:37:29","slug":"curso-superior-de-medicina-general-familiar-y-comunitaria","status":"publish","type":"page","link":"https:\/\/campusff.ms.gba.gov.ar\/comunidaddea-ff\/curso-superior-de-medicina-general-familiar-y-comunitaria\/","title":{"rendered":"Curso Superior de Medicina general, Familiar y Comunitaria"},"content":{"rendered":"\n<div class=\"wp-block-image\"><figure class=\"aligncenter size-large is-resized\"><img loading=\"lazy\" decoding=\"async\" src=\"https:\/\/campusff.ms.gba.gov.ar\/comunidaddea-ff\/wp-content\/uploads\/sites\/3\/2022\/11\/medicina-general-1-1024x1024.jpg\" alt=\"\" class=\"wp-image-1017\" width=\"512\" height=\"512\" srcset=\"https:\/\/campusff.ms.gba.gov.ar\/comunidaddea-ff\/wp-content\/uploads\/sites\/3\/2022\/11\/medicina-general-1-1024x1024.jpg 1024w, https:\/\/campusff.ms.gba.gov.ar\/comunidaddea-ff\/wp-content\/uploads\/sites\/3\/2022\/11\/medicina-general-1-300x300.jpg 300w, https:\/\/campusff.ms.gba.gov.ar\/comunidaddea-ff\/wp-content\/uploads\/sites\/3\/2022\/11\/medicina-general-1-150x150.jpg 150w, https:\/\/campusff.ms.gba.gov.ar\/comunidaddea-ff\/wp-content\/uploads\/sites\/3\/2022\/11\/medicina-general-1-768x768.jpg 768w, https:\/\/campusff.ms.gba.gov.ar\/comunidaddea-ff\/wp-content\/uploads\/sites\/3\/2022\/11\/medicina-general-1.jpg 1080w\" sizes=\"auto, (max-width: 512px) 100vw, 512px\" \/><\/figure><\/div>\n\n\n\n<p class=\"has-text-align-left\">El Curso Superior de Medicina General Familiar Comunitaria, con certificaci\u00f3n universitaria de la UNLP a trav\u00e9s de la Catedra de Salud y Medicina Comunitaria de la FCM, est\u00e1 dirigido tanto a residentes, jefes y coordinadores docentes de medicina general como a profesionales de la medicina que se desempe\u00f1an en APS\/PNA en la provincia de Buenos Aires. Tiene el prop\u00f3sito es aportar a su formaci\u00f3n integral, promoviendo un abordaje de las situaciones de salud &#8211; enfermedad &#8211; atenci\u00f3n &#8211; cuidados desde los principios que sostienen el derecho a la salud (justicia social, equidad, interculturalidad, participaci\u00f3n social y comunitaria); y considerando y llevando a la pr\u00e1ctica los ejes transversales que la realidad actual impone para fortalecer el acceso a la salud de la ciudadan\u00eda bonaerense (equidad de g\u00e9neros, soberan\u00eda sobre los cuerpos y la salud, integralidad de los procesos SEAC con la salud mental como articulador, educaci\u00f3n permanente del personal de salud). El abordaje propuesto comprende la articulaci\u00f3n integrada de los aspectos cl\u00ednicos (seg\u00fan una cl\u00ednica ampliada), epidemiol\u00f3gicos (con \u00e9nfasis en la incorporaci\u00f3n de los enfoques cr\u00edticos y comunitarios) y de gesti\u00f3n (migrante desde una l\u00f3gica de gesti\u00f3n organizacional basada en \u201ccumplir \u00f3rdenes\u201d hacia otra de \u201ccumplir compromisos\u201d subjetivantes para los co-productores del servicio: quienes lo prestan y quienes lo reciben).<\/p>\n\n\n\n<p><strong>Pr\u00f3ximamente m\u00e1s informaci\u00f3n<\/strong><\/p>\n","protected":false},"excerpt":{"rendered":"<p>El Curso Superior de Medicina General Familiar Comunitaria, con certificaci\u00f3n universitaria de la UNLP a trav\u00e9s de la Catedra de Salud y Medicina Comunitaria de la FCM, est\u00e1 dirigido tanto a residentes, jefes y coordinadores [&hellip;]<\/p>\n","protected":false},"author":4,"featured_media":630,"parent":0,"menu_order":0,"comment_status":"closed","ping_status":"closed","template":"","meta":{"footnotes":""},"class_list":["post-1011","page","type-page","status-publish","has-post-thumbnail","hentry"],"_links":{"self":[{"href":"https:\/\/campusff.ms.gba.gov.ar\/comunidaddea-ff\/wp-json\/wp\/v2\/pages\/1011","targetHints":{"allow":["GET"]}}],"collection":[{"href":"https:\/\/campusff.ms.gba.gov.ar\/comunidaddea-ff\/wp-json\/wp\/v2\/pages"}],"about":[{"href":"https:\/\/campusff.ms.gba.gov.ar\/comunidaddea-ff\/wp-json\/wp\/v2\/types\/page"}],"author":[{"embeddable":true,"href":"https:\/\/campusff.ms.gba.gov.ar\/comunidaddea-ff\/wp-json\/wp\/v2\/users\/4"}],"replies":[{"embeddable":true,"href":"https:\/\/campusff.ms.gba.gov.ar\/comunidaddea-ff\/wp-json\/wp\/v2\/comments?post=1011"}],"version-history":[{"count":3,"href":"https:\/\/campusff.ms.gba.gov.ar\/comunidaddea-ff\/wp-json\/wp\/v2\/pages\/1011\/revisions"}],"predecessor-version":[{"id":1057,"href":"https:\/\/campusff.ms.gba.gov.ar\/comunidaddea-ff\/wp-json\/wp\/v2\/pages\/1011\/revisions\/1057"}],"wp:featuredmedia":[{"embeddable":true,"href":"https:\/\/campusff.ms.gba.gov.ar\/comunidaddea-ff\/wp-json\/wp\/v2\/media\/630"}],"wp:attachment":[{"href":"https:\/\/campusff.ms.gba.gov.ar\/comunidaddea-ff\/wp-json\/wp\/v2\/media?parent=1011"}],"curies":[{"name":"wp","href":"https:\/\/api.w.org\/{rel}","templated":true}]}}